{"id":30,"date":"2018-08-27T18:56:26","date_gmt":"2018-08-27T18:56:26","guid":{"rendered":"http:\/\/pkmaja.ee\/?page_id=30"},"modified":"2023-11-19T14:04:00","modified_gmt":"2023-11-19T12:04:00","slug":"esileht","status":"publish","type":"page","link":"http:\/\/www.pkmaja.ee\/ru\/","title":{"rendered":"\u0412\u0432\u0435\u0434\u0435\u043d\u0438\u0435"},"content":{"rendered":"<p>MT\u00dc P\u00f5lvkondade Maja on asutatud N\u00f5mme Individuaalse Rehabilitatsioonikeskuse (NIRK MT\u00dc) j\u00e4rglasena haridus- ja sotsiaalteenuste pakkujana.<\/p>\n\n\n\n<p>MT\u00dc P\u00f5lvkondade Maja sotsiaalse rehabilitatsiooni keskus omab 10-aastast kogemust rehabilitatsiooniplaanide koostamisel ja sotsiaalse rehabilitatsiooni teenuste osutamisel raske ja s\u00fcgava puudega kuni 15-aastastele lastele ja noorukitele alates 16-aastast. Kogemus h\u00f5lmab t\u00f6\u00f6d eesti- ja venekeelsete ps\u00fc\u00fchikah\u00e4ire, vaimupuude ja f\u00fc\u00fcsilise puudega klientidega, nende vanemate ja l\u00e4hedaste ning koost\u00f6\u00f6v\u00f5rgustiku liikmetega.<\/p>\n\n\n\n<div class=\"wp-block-image is-style-default\"><figure class=\"alignright size-medium\"><img loading=\"lazy\" decoding=\"async\" width=\"159\" height=\"300\" src=\"http:\/\/pkmaja.ee\/wp-content\/uploads\/2019\/11\/logo-159x300.jpg\" alt=\"\" class=\"wp-image-54\" srcset=\"http:\/\/pkmaja.ee\/wp-content\/uploads\/2019\/11\/logo-159x300.jpg 159w, http:\/\/pkmaja.ee\/wp-content\/uploads\/2019\/11\/logo-542x1024.jpg 542w, http:\/\/pkmaja.ee\/wp-content\/uploads\/2019\/11\/logo.jpg 698w\" sizes=\"(max-width: 159px) 100vw, 159px\" \/><\/figure><\/div>\n\n\n\n<p><strong>Meie visiooniks on pakkuda sotsiaalse rehabilitatsiooni teenust<\/strong> Avatud Dialoogi p\u00f5him\u00f5tetel koost\u00f6\u00f6s vanemate ja v\u00f5rgustiku liikmetega, neid toetades, n\u00f5ustades juhendades ning uusi oskusi \u00f5petades. Loome raske ja s\u00fcgava puudega lastele ja noorukitele koost\u00f6\u00f6s ja kodu l\u00e4hedal parimaid arengu- ja osalusv\u00f5imalusi.<\/p>\n\n\n\n<p><strong>Meie missiooniks on<\/strong> toetada raske ja s\u00fcgava puudega lapsi ja noori oma tugevuste leidmisel koost\u00f6\u00f6s rehabilitatsiooniteenuste osutajate, pere- ja v\u00f5rgustikuliikmetega, liita pere- ja v\u00f5rgustikuliikmed ning praktikud avatud dialoogiks ja tagada rehabilitatsiooni teenuste k\u00e4ttesaadavus lapse v\u00f5i nooruki arengu- ja kasvukeskkonnas<strong>.<\/strong><\/p>\n\n\n\n<p>Ootame teenustele eesti-, vene- ja viipekeelseid lapsi ja noorukeid. <\/p>\n\n\n\n<p>Vajadusel koostame rehabilitatsiooniplaani. <\/p>\n\n\n\n<p>Meie teenustel osaleb 40 klienti.<\/p>\n\n\n\n<p><strong>Teenuseid osutavad erialase k\u00f5rgharidusega ja pikaajalise t\u00f6\u00f6kogemusega spetsialistid.<\/strong><\/p>\n\n\n\n<p>Enamus meist omab t\u00f6\u00f6kogemust ps\u00fc\u00fchikah\u00e4iretega laste ja noortega, lisaks on osadel meist varasem t\u00f6\u00f6kogemus haridusasutuse eripedagoogi, logopeedi, ps\u00fchholoogina ja tegevusterapeudil ning f\u00fcsioterapeudil taasturavi keskuse spetsialistidena. Kahel meeskonna liikmel on t\u00f6\u00f6kogemused v\u00f5rgustikuliikmetena kohaliku omavalitsuse tasandil. \u00dchel meeskonna liikmel on rehab. teenustel osalemise kogemus lapsevanemana seoses oma s\u00fcgava puudega lapse kasvatamisega.<\/p>\n\n\n\n<p><strong>Koolitame ja v\u00f5imaldame praktikat teha<\/strong><\/p>\n\n\n\n<p>MT\u00dc P\u00f5lvkondade Maja rehabilitatsioonimeeskonnas praktiseerivad bakalauruse kraadi omandavad tulevased rehab. spetsialistid assistentidena t\u00e4naste praktikute k\u00f5rval. Korraldame kord kuus sisekoolitusi oma meeskonna spetsialistidele. <\/p>\n\n\n\n<p><strong>Teeme koost\u00f6\u00f6d<\/strong> kohaliku omavalitsusega ja nende allasutustega. Suhtleme igap\u00e4evaselt sotsiaalt\u00f6\u00f6 spetsialistidega, lasteaedade ja koolide tugispetsialistidega nii uute klientide sisenemiseks kui olemasolevate klientide tulemuste tagasidestamiseks.<\/p>\n\n\n\n<p><\/p>\n\n\n\n<p><\/p>","protected":false},"excerpt":{"rendered":"<p>MT\u00dc P\u00f5lvkondade Maja on asutatud N\u00f5mme Individuaalse Rehabilitatsioonikeskuse (NIRK MT\u00dc) j\u00e4rglasena haridus- ja sotsiaalteenuste pakkujana. MT\u00dc P\u00f5lvkondade Maja sotsiaalse rehabilitatsiooni keskus omab 10-aastast kogemust rehabilitatsiooniplaanide koostamisel ja sotsiaalse rehabilitatsiooni teenuste osutamisel raske ja s\u00fcgava puudega kuni 15-aastastele lastele ja noorukitele alates 16-aastast. Kogemus h\u00f5lmab t\u00f6\u00f6d eesti- ja venekeelsete ps\u00fc\u00fchikah\u00e4ire, vaimupuude ja f\u00fc\u00fcsilise puudega klientidega, nende &hellip; <\/p>\n<p class=\"link-more\"><a href=\"http:\/\/www.pkmaja.ee\/ru\/\" class=\"more-link\">\u0427\u0438\u0442\u0430\u0442\u044c \u0434\u0430\u043b\u0435\u0435<span class=\"screen-reader-text\"> \u00abTutvustus\u00bb<\/span><\/a><\/p>","protected":false},"author":1,"featured_media":0,"parent":0,"menu_order":0,"comment_status":"closed","ping_status":"closed","template":"sidebar-page.php","meta":{"ngg_post_thumbnail":0,"footnotes":""},"_links":{"self":[{"href":"http:\/\/www.pkmaja.ee\/ru\/wp-json\/wp\/v2\/pages\/30"}],"collection":[{"href":"http:\/\/www.pkmaja.ee\/ru\/wp-json\/wp\/v2\/pages"}],"about":[{"href":"http:\/\/www.pkmaja.ee\/ru\/wp-json\/wp\/v2\/types\/page"}],"author":[{"embeddable":true,"href":"http:\/\/www.pkmaja.ee\/ru\/wp-json\/wp\/v2\/users\/1"}],"replies":[{"embeddable":true,"href":"http:\/\/www.pkmaja.ee\/ru\/wp-json\/wp\/v2\/comments?post=30"}],"version-history":[{"count":5,"href":"http:\/\/www.pkmaja.ee\/ru\/wp-json\/wp\/v2\/pages\/30\/revisions"}],"predecessor-version":[{"id":352,"href":"http:\/\/www.pkmaja.ee\/ru\/wp-json\/wp\/v2\/pages\/30\/revisions\/352"}],"wp:attachment":[{"href":"http:\/\/www.pkmaja.ee\/ru\/wp-json\/wp\/v2\/media?parent=30"}],"curies":[{"name":"wp","href":"https:\/\/api.w.org\/{rel}","templated":true}]}}