{"id":252,"date":"2023-02-21T13:00:24","date_gmt":"2023-02-21T13:00:24","guid":{"rendered":"http:\/\/pkmaja.ee\/?page_id=252"},"modified":"2023-11-19T14:07:07","modified_gmt":"2023-11-19T12:07:07","slug":"spetsialistid","status":"publish","type":"page","link":"http:\/\/www.pkmaja.ee\/ru\/spetsialistid\/","title":{"rendered":"\u041a\u043e\u043c\u0430\u043d\u0434\u0430"},"content":{"rendered":"<ul><li><strong>Sotsiaalt\u00f6\u00f6taja<\/strong><\/li><\/ul>\n\n\n\n<p><strong>Anneli Bender <\/strong>omab sotsiaalt\u00f6\u00f6alast bakaleureuse kraadi, mis on v\u00f5rdsustatud magistrikraadiga. \u00dclikooli \u00f5pingud toimusid aastatel 1997 &#8211; 2001. Tal on pikaajaline t\u00f6\u00f6kogemus sotsiaalvaldonnas (alates 2002. aastast): sotsiaaltoetuste spetsialistina Mustam\u00e4e Linnaosavalitsuses, tegevusjuhendaja ning p\u00e4evakeskuse juhina Tallinna Vaimse Tervise Keskuses (klientideks ps\u00fc\u00fchilise erivajadusega t\u00e4iskasvanud inimesed) ning abivahendite peaspetsialistina Sotsiaalkindlustusametis (abivahendite erimenetluste menetlemine). MT\u00dc-s P\u00f5lvkondade Maja on ta sotsiaalt\u00f6\u00f6tajana  t\u00f6\u00f6tanud alates jaanuarist 2021. aastast.<\/p>\n\n\n\n<ul><li><strong>Ps\u00fchholoogid<\/strong><\/li><\/ul>\n\n\n\n<p><strong>Mirjam Hakkaja<\/strong> omab magistrikraadi Tartu \u00dclikoolist ps\u00fchholoogia ja \u00f5petaja erialal. Ta on t\u00f6\u00f6tanud koolips\u00fchholoogina ning tal on erapraksis ps\u00fchholoogilise n\u00f5ustajana spetsialiseerumisega terviseps\u00fchholoogiale. MT\u00dc P\u00f5lvkondade Majas on Mirjam ps\u00fchholoogina ametis alates veebruarist 2021. aastast.<\/p>\n\n\n\n<p><strong>Ene Vinter-Van Vierssen <\/strong>on l\u00f5petanud Tartu Riikliku \u00dclikooli ps\u00fchholoogia ja \u00f5petaja erialal, omab magistrikraadi.<\/p>\n\n\n\n<p>Tal on pikaajaline kogemus ps\u00fchholoogilise n\u00f5ustaja ja koolitajana (t\u00f6\u00f6klubid, motivatsioonikoolitused, ettev\u00f5tlusklubid). On andnud panuse koolitusmetoodika ja koolitusmaterjalide loomiseks t\u00f6\u00f6tute aktiviseerimiseks. T\u00f6\u00f6tanud aastaid ps\u00fc\u00fchikah\u00e4iretega laste, noorte ja t\u00e4iskasvanutega.<\/p>\n\n\n\n<ul><li><strong>F\u00fcsioterapeut<\/strong><\/li><\/ul>\n\n\n\n<p><strong>Dmitri Kurganov <\/strong>on omandanud M.I Massaa\u017ei ja teraapia koolis mass\u00f6\u00f6ri eriala 5. kutsetaseme, on l\u00e4binud \u00f5ppepraktika Hispaanias ning omandanud Tartu Tervishoiu K\u00f5rgkoolis bakalaureusekraadi f\u00fcsioteraapia erialal 6.kutsetasemel. Tal on paariaastane kogemus mass\u00f6\u00f6ri, f\u00fcsioteraapia teenuste l\u00e4biviimise ja patsientide hindamise alal. P\u00f5hilist kogemust omab &nbsp;t\u00e4iskasvanute ja noorukitega skeleti-lihas s\u00fcsteemi ja ennetava f\u00fcsioteraapia alal.<\/p>\n\n\n\n<ul><li><strong>Eripedagoogid<\/strong><\/li><\/ul>\n\n\n\n<p><strong>Ave Kalmus <\/strong>omab 35-aastast t\u00f6\u00f6kogemust eripedagoog-logopeedina 3 \u2013 21-aastaste laste ja noorukitega. Eripedagoogina omab pikaajalist kogemust kuulmispuude, keskmise, raske ja s\u00fcgava vaimupuude ning erineva ps\u00fc\u00fchikah\u00e4irega klientidega. Avel on magistrukraad Tartu \u00dclikoolist eripedagoogi ja surdologopeedi erialal. Eripedagoogina on ta l\u00e4binud t\u00e4iendkursused Soomes, Rootsis, Norras, Islandil.<\/p>\n\n\n\n<p><strong>Reet Adama<\/strong> on k\u00f5rgharidusega viipekeelne eripedagoog.<\/p>\n\n\n\n<ul><li><strong>Logopeed<\/strong><\/li><\/ul>\n\n\n\n<p><strong>Ave Kalmus <\/strong>omab 35-aastast t\u00f6\u00f6kogemust logopeedina 3 &#8211; 21-aastaste laste ja noorukitega. Tema valdkonnad logopeedina on k\u00f5neravi, h\u00e4\u00e4le ja intonatsiooni teraapia\/korrigeerimine, h\u00e4\u00e4likuseade. Avel on magistrukraad Tartu \u00dclikoolist eripedagoogi ja surdologopeedi erialal. Ta on saanud mehhaanilise h\u00e4\u00e4likuseade t\u00e4iendava v\u00e4lja\u00f5ppe Moskvas ja t\u00f6\u00f6ks implantaatidega kuulmispuuetega lastega Viinis. N\u00f5ustanud erakoolis Sunshine Cottege USA_s Texases mehhaanilise h\u00e4\u00e4likuseade osas.<\/p>\n\n\n\n<ul><li><strong>Tegevusterapeudid<\/strong><\/li><\/ul>\n\n\n\n<p><strong>Ingrid Saarmets <\/strong>on l\u00f5petanud Tallinna Tervishoiu K\u00f5rgkooli 2004. aastal tegevusteraapia erialal. Peale kooli l\u00f5petamist on ta t\u00f6\u00f6tanud tegevusterapeudina taastusravi ja rehabilitatsiooni teenust pakkuvate asutuste meeskondades (Viimsi haigla, Keila Taastusravikeskus, Fertilitas, P\u00f5hja-Eesti Taastusravikeskus, Lootus \u00d5nnele). Hetkel t\u00f6\u00f6tab ta p\u00f5hikohaga PERH taastusravi ambulatoorses osakonnas. Pikaajalisem t\u00f6\u00f6kogemus on Ingridil ortopeediliste ja neuroloogiliste (insult, ajukahjustused) probleemidega patsientidega. Olulisemaks t\u00e4iendkoolituseks peab ta 2017. aastal Haapsalus toimunud NDT\/Bobath koolitust (&#8220;Neuro-Developmental Treatment\/Bobath Certificate course in the Management of Adults with Stroke and Brain Injury&#8221;). Kursusel omandatud teadmisi ja oskusi kasutab ta oma t\u00f6\u00f6s igap\u00e4evaselt. Alates 2012. aastast teeb Ingrid ka tegevusteraapia koduteenust. T\u00f6\u00f6alane&nbsp;suhtluskeel:&nbsp;eesti,&nbsp;vene,&nbsp;soome,&nbsp;inglise.<\/p>\n\n\n\n<ul><li><strong>Loovterapeut<\/strong><\/li><\/ul>\n\n\n\n<p><strong>Anu K\u00e4sk<\/strong><\/p>\n\n\n\n<ul><li><strong>Ps\u00fchhiaater<\/strong><\/li><\/ul>\n\n\n\n<p><strong>Mari-Liis Laanetu <\/strong>on l\u00f5petanud 2005. aastal Tartu \u00dclikooli arstiteaduskonna ja 2009. aastal ps\u00fchhiaatria residentuuri. Ta on t\u00e4iendanud end m\u00e4luh\u00e4irete ja eakate ps\u00fc\u00fchikah\u00e4irete osas. Lisaks on ta omandanud baasteadmised nii kognitiiv-k\u00e4itumisteraapias, pereteraapias kui ka ps\u00fchhoanal\u00fc\u00fctilises teraapias. Mari-Liis tegeleb s\u00fcvendatult m\u00e4luh\u00e4irete ja orgaaniliste ps\u00fc\u00fchikah\u00e4irete, meeleolu- ja \u00e4revush\u00e4iretega. Ps\u00fchhiaatrina peab ta t\u00e4htsaks inimese individuaalsuse arvestamist ning arsti ja patsiendi vahelist usaldust, sest ravitulemused s\u00fcnnivad vaid koost\u00f6\u00f6s. Talle pakub oma t\u00f6\u00f6s k\u00f5ige suuremat r\u00f5\u00f5mu see, kui patsient saab tagasi kontrolli oma elu \u00fcle, on v\u00f5imeline elust r\u00f5\u00f5mu tundma ja tegema ise oma valikuid.<\/p>\n\n\n\n<ul><li><strong>\u00d5de<\/strong><\/li><\/ul>\n\n\n\n<p><strong>Katrin Kippar-Baikov<\/strong> on t\u00f6\u00f6tanud Tallinna Laste haiglas kirurgia intensiivravis \u00f5ena 16 aastat. Alates 2002 olnud esmatasandi \u00f5de perearstikeskuses kus olnud kodu\u00f5de ja pere\u00f5de. Olnud 5 aastat kooli\u00f5de erakoolis Mattiase P\u00f5hikoolis. Olnud 5 aastat Medicum Perearstikeskuses \u00f5endusjuht. Viimane aasta t\u00f6\u00f6tab PERH Kutsehaiguste ja t\u00f6\u00f6tervishoiu kliinikus, t\u00f6\u00f6tervishoiu \u00f5ena. Omab bakalaureuse kraadi \u00f5e erialal. Ta l\u00e4bib erialaseid koolitusi igal aastal 60 tundi aastas.<\/p>","protected":false},"excerpt":{"rendered":"<p>Sotsiaalt\u00f6\u00f6taja Anneli Bender omab sotsiaalt\u00f6\u00f6alast bakaleureuse kraadi, mis on v\u00f5rdsustatud magistrikraadiga. \u00dclikooli \u00f5pingud toimusid aastatel 1997 &#8211; 2001. Tal on pikaajaline t\u00f6\u00f6kogemus sotsiaalvaldonnas (alates 2002. aastast): sotsiaaltoetuste spetsialistina Mustam\u00e4e Linnaosavalitsuses, tegevusjuhendaja ning p\u00e4evakeskuse juhina Tallinna Vaimse Tervise Keskuses (klientideks ps\u00fc\u00fchilise erivajadusega t\u00e4iskasvanud inimesed) ning abivahendite peaspetsialistina Sotsiaalkindlustusametis (abivahendite erimenetluste menetlemine). MT\u00dc-s P\u00f5lvkondade Maja on ta &hellip; <\/p>\n<p class=\"link-more\"><a href=\"http:\/\/www.pkmaja.ee\/ru\/spetsialistid\/\" class=\"more-link\">\u0427\u0438\u0442\u0430\u0442\u044c \u0434\u0430\u043b\u0435\u0435<span class=\"screen-reader-text\"> \u00abMeeskond\u00bb<\/span><\/a><\/p>","protected":false},"author":1,"featured_media":0,"parent":0,"menu_order":0,"comment_status":"closed","ping_status":"closed","template":"","meta":{"ngg_post_thumbnail":0,"footnotes":""},"_links":{"self":[{"href":"http:\/\/www.pkmaja.ee\/ru\/wp-json\/wp\/v2\/pages\/252"}],"collection":[{"href":"http:\/\/www.pkmaja.ee\/ru\/wp-json\/wp\/v2\/pages"}],"about":[{"href":"http:\/\/www.pkmaja.ee\/ru\/wp-json\/wp\/v2\/types\/page"}],"author":[{"embeddable":true,"href":"http:\/\/www.pkmaja.ee\/ru\/wp-json\/wp\/v2\/users\/1"}],"replies":[{"embeddable":true,"href":"http:\/\/www.pkmaja.ee\/ru\/wp-json\/wp\/v2\/comments?post=252"}],"version-history":[{"count":5,"href":"http:\/\/www.pkmaja.ee\/ru\/wp-json\/wp\/v2\/pages\/252\/revisions"}],"predecessor-version":[{"id":353,"href":"http:\/\/www.pkmaja.ee\/ru\/wp-json\/wp\/v2\/pages\/252\/revisions\/353"}],"wp:attachment":[{"href":"http:\/\/www.pkmaja.ee\/ru\/wp-json\/wp\/v2\/media?parent=252"}],"curies":[{"name":"wp","href":"https:\/\/api.w.org\/{rel}","templated":true}]}}