{"id":23,"date":"2018-08-27T18:53:48","date_gmt":"2018-08-27T18:53:48","guid":{"rendered":"http:\/\/pkmaja.ee\/?page_id=23"},"modified":"2023-02-21T14:11:04","modified_gmt":"2023-02-21T14:11:04","slug":"teenused","status":"publish","type":"page","link":"http:\/\/www.pkmaja.ee\/ru\/teenused\/","title":{"rendered":"\u0423\u0441\u043b\u0443\u0433\u0438"},"content":{"rendered":"<p><strong>Pakume j\u00e4rgmisi rehabilitatsiooni teenuseid:<\/strong><\/p>\n\n\n\n<ul><li>sotsiaalse rehabilitatsiooni teenuse vajaduse hindamist, mille alusel koostame kliendile rehabilitatsiooni teenusteks plaani<\/li><li>ps\u00fchholoogi teenust<\/li><li>eripedagoogi teenust<\/li><li>logopeedi teenust<\/li><li>sotsiaalt\u00f6\u00f6taja teenust<\/li><li>tegevusterapeudi teenust<\/li><li>f\u00fcsioterapeudi teenust<\/li><li>loovterapeudi teenust<\/li><\/ul>\n\n\n\n<p>Uute rehab. plaanide koostamise osas on meil hetkel kuni 2 kuu pikkune j\u00e4rjekord. Kui see Teile sobib, siis s\u00f5lmime kehtiva suunamisotsuse alusel lepingu ja teavitame Teid edasistest sammudest.<br><strong>Palun v\u00f5tke meiega \u00fchendust meiliaadressil:\u00a0<a rel=\"noreferrer noopener\" href=\"mailto:info@pkmaja.ee\" target=\"_blank\">info@pkmaja.ee<\/a> ja registreerige oma laps teenustele.<\/strong><\/p>","protected":false},"excerpt":{"rendered":"<p>Pakume j\u00e4rgmisi rehabilitatsiooni teenuseid: sotsiaalse rehabilitatsiooni teenuse vajaduse hindamist, mille alusel koostame kliendile rehabilitatsiooni teenusteks plaani ps\u00fchholoogi teenust eripedagoogi teenust logopeedi teenust sotsiaalt\u00f6\u00f6taja teenust tegevusterapeudi teenust f\u00fcsioterapeudi teenust loovterapeudi teenust Uute rehab. plaanide koostamise osas on meil hetkel kuni 2 kuu pikkune j\u00e4rjekord. Kui see Teile sobib, siis s\u00f5lmime kehtiva suunamisotsuse alusel lepingu ja teavitame &hellip; <\/p>\n<p class=\"link-more\"><a href=\"http:\/\/www.pkmaja.ee\/ru\/teenused\/\" class=\"more-link\">\u0427\u0438\u0442\u0430\u0442\u044c \u0434\u0430\u043b\u0435\u0435<span class=\"screen-reader-text\"> \u00abTeenused\u00bb<\/span><\/a><\/p>","protected":false},"author":1,"featured_media":0,"parent":0,"menu_order":0,"comment_status":"closed","ping_status":"closed","template":"sidebar-page.php","meta":{"ngg_post_thumbnail":0,"footnotes":""},"_links":{"self":[{"href":"http:\/\/www.pkmaja.ee\/ru\/wp-json\/wp\/v2\/pages\/23"}],"collection":[{"href":"http:\/\/www.pkmaja.ee\/ru\/wp-json\/wp\/v2\/pages"}],"about":[{"href":"http:\/\/www.pkmaja.ee\/ru\/wp-json\/wp\/v2\/types\/page"}],"author":[{"embeddable":true,"href":"http:\/\/www.pkmaja.ee\/ru\/wp-json\/wp\/v2\/users\/1"}],"replies":[{"embeddable":true,"href":"http:\/\/www.pkmaja.ee\/ru\/wp-json\/wp\/v2\/comments?post=23"}],"version-history":[{"count":5,"href":"http:\/\/www.pkmaja.ee\/ru\/wp-json\/wp\/v2\/pages\/23\/revisions"}],"predecessor-version":[{"id":337,"href":"http:\/\/www.pkmaja.ee\/ru\/wp-json\/wp\/v2\/pages\/23\/revisions\/337"}],"wp:attachment":[{"href":"http:\/\/www.pkmaja.ee\/ru\/wp-json\/wp\/v2\/media?parent=23"}],"curies":[{"name":"wp","href":"https:\/\/api.w.org\/{rel}","templated":true}]}}