{"id":21,"date":"2018-08-27T18:52:05","date_gmt":"2018-08-27T18:52:05","guid":{"rendered":"http:\/\/pkmaja.ee\/?page_id=21"},"modified":"2023-02-21T16:31:39","modified_gmt":"2023-02-21T14:31:39","slug":"ajalugu","status":"publish","type":"page","link":"http:\/\/www.pkmaja.ee\/ru\/ajalugu\/","title":{"rendered":"\u041e\u0441\u0442\u0430\u043b\u044c\u043d\u044b\u0435 \u043e \u043d\u0430\u0441"},"content":{"rendered":"<p><em>&#8211; <strong>Teismelise poja ema kirjutab<\/strong>: <em>\u201c<\/em>Sel aastal on k\u00f5ik teisiti&#8230;<\/em><br><em> See aasta on olnud minu jaoks \u00fcks raskemaid \u00fcldse &#8211; kuidagi nii palju on olnud negatiivset, ebameeldivat, kurba, rasket, masendavat&#8230; Seda k\u00f5ike ei taha meenutadagi.<\/em><\/p>\n\n\n\n<p><em>Kui ma p\u00fc\u00fcan leida sellest l\u00f5ppevast aastast midagi head siis<br>esimese asjana l\u00f6\u00f6b p\u00e4he MT\u00dc P\u00f5lvkondade Maja!<\/em><\/p>\n\n\n\n<p><em>Olen s\u00fcdamep\u00f5hjani t\u00e4nulik, et meie teed Teiega ristusid! Me isegi ei otsinud Teid aga Te justkui tulite v\u00f5luv\u00e4el \u00f5igel hetkel meid abistama. T\u00e4nu Teie abile, n\u00f5uannetele, juhistele ning infole on olnud palju kergem ja selgem k\u00f5ik, mis puudutab Taneli puude pikendamist ja rehabilitatsiooni teenuseid. Ma ei taha m\u00f5eldagi kui palju oleks pidanud ma pusima, et selle k\u00f5igega \u00fcksi toime tulla.  Te olete s\u00f5bralikud, vastutulelikud, abivalmid, toimekad, r\u00f5\u00f5msameelsed, lahked, head suhtlejad, toredad, asjalikud&#8230; Teie t\u00f6\u00f6 ei paista tundvat kellaaegu ja pastakas ei j\u00e4\u00e4 kell 17.00 lauale j\u00e4rgmist t\u00f6\u00f6p\u00e4eva ootama. Te saadate e-kirju ning s\u00f5numeid hilistel \u00f5htutundidel ja l\u00f5petate lubatud plaani koostamisega kasv\u00f5i n\u00e4dalavahetusel. Sellist suhtumist ei kohta just iga p\u00e4ev.<\/em><\/p>\n\n\n\n<p><em>Te olete entusiastid, kes p\u00e4riselt ka hoolivad! Te teete oma t\u00f6\u00f6d s\u00fcdamega ja Te teete seda h\u00e4sti!<\/em><\/p>\n\n\n\n<p><em>Ma soovin Teile k\u00f5igile edaspidiseks s\u00fcdamerahu, indu, tervist, r\u00f5\u00f5mu ja k\u00f5ike paremat! Tulgu k\u00f5ik see hea Teile 10-kordselt tagasi!<br><br>Suur t\u00e4nu Teile k\u00f5ige eest!\u201d<\/em><\/p>\n\n\n\n<p><em>&#8211; <strong>Teisemelise t\u00fctre ema kirjutab<\/strong>: \u201cLihtsalt tahtsin \u00f6elda, suur suur t\u00e4nu. Nutan r\u00f5\u00f5must, kuna mu laps tegi t\u00e4na r\u00f5\u00f5muga kodus pannkooke. Suur-suur t\u00e4nu spetsialistile, kes seda temaga tegi! Sellised oskused on \u00fclivajalikud.\u201d<br><br>&#8211; <strong>Poja ema kirjutab<\/strong>: \u201cPoeg oli eelmisel korral v\u00e4ga positiivselt elevil praekartulite valmistamisest. T\u00e4nan terapeuti, kes temaga koos neid tegi!\u201d<\/em><\/p>\n\n\n\n<p><strong><em>&#8211; Kuulmispuudega poja ema kirjutab:<\/em><\/strong> <em>\u201c<\/em>Oleme v\u00e4ga rahul logopeediga. Tema entusiasim ning j\u00e4rjepidevus on lapse arengus v\u00e4ga olulised.<em>\u201d<\/em><\/p>\n\n\n\n<p><em>&#8211; <strong>Teismelise poja ema kirjutab:<\/strong><\/em> <em>\u201c<\/em>On v\u00e4ga tore, et lapsel on regulaarne aeg, millal ta teenusel k\u00e4ib. Tema sees on igal korral v\u00f5itlus, kas minna v\u00f5i mitte, kuid regulaarne aeg kohustab nagu last ennast ka. Tagasitulles on ta alati r\u00f5\u00f5msam ning rahul, et k\u00e4is.<em>\u201d<\/em><\/p>\n\n\n\n<p><strong><em>&#8211; Lasteaiaealise lapse ema kirjutab:<\/em><\/strong> <em>\u201c<\/em>Ma ikka imestan, et kas te t\u00f6\u00f6tate nagu kogu aeg. Kui \u00fchendust v\u00f5tta, siis saab vastuse v\u00e4ga kiiresti. Leiame alati koost\u00f6\u00f6s lahenduse.<em>\u201d<\/em><\/p>\n\n\n\n<p><em><strong>&#8211; Poja ema kirjutab<\/strong>:<\/em> <em>\u201c<\/em>Laps tuleb alati v\u00e4ga hea meelega teenusele. Isegi kooli ei l\u00e4he ta alati nii heas tujus, kui teenusele tuleb.<em>\u201d<\/em><\/p>","protected":false},"excerpt":{"rendered":"<p>&#8211; Teismelise poja ema kirjutab: \u201cSel aastal on k\u00f5ik teisiti&#8230; See aasta on olnud minu jaoks \u00fcks raskemaid \u00fcldse &#8211; kuidagi nii palju on olnud negatiivset, ebameeldivat, kurba, rasket, masendavat&#8230; Seda k\u00f5ike ei taha meenutadagi. Kui ma p\u00fc\u00fcan leida sellest l\u00f5ppevast aastast midagi head siisesimese asjana l\u00f6\u00f6b p\u00e4he MT\u00dc P\u00f5lvkondade Maja! Olen s\u00fcdamep\u00f5hjani t\u00e4nulik, et &hellip; <\/p>\n<p class=\"link-more\"><a href=\"http:\/\/www.pkmaja.ee\/ru\/ajalugu\/\" class=\"more-link\">\u0427\u0438\u0442\u0430\u0442\u044c \u0434\u0430\u043b\u0435\u0435<span class=\"screen-reader-text\"> \u00abTeised meist\u00bb<\/span><\/a><\/p>","protected":false},"author":1,"featured_media":0,"parent":0,"menu_order":0,"comment_status":"closed","ping_status":"closed","template":"sidebar-page.php","meta":{"ngg_post_thumbnail":0,"footnotes":""},"_links":{"self":[{"href":"http:\/\/www.pkmaja.ee\/ru\/wp-json\/wp\/v2\/pages\/21"}],"collection":[{"href":"http:\/\/www.pkmaja.ee\/ru\/wp-json\/wp\/v2\/pages"}],"about":[{"href":"http:\/\/www.pkmaja.ee\/ru\/wp-json\/wp\/v2\/types\/page"}],"author":[{"embeddable":true,"href":"http:\/\/www.pkmaja.ee\/ru\/wp-json\/wp\/v2\/users\/1"}],"replies":[{"embeddable":true,"href":"http:\/\/www.pkmaja.ee\/ru\/wp-json\/wp\/v2\/comments?post=21"}],"version-history":[{"count":5,"href":"http:\/\/www.pkmaja.ee\/ru\/wp-json\/wp\/v2\/pages\/21\/revisions"}],"predecessor-version":[{"id":346,"href":"http:\/\/www.pkmaja.ee\/ru\/wp-json\/wp\/v2\/pages\/21\/revisions\/346"}],"wp:attachment":[{"href":"http:\/\/www.pkmaja.ee\/ru\/wp-json\/wp\/v2\/media?parent=21"}],"curies":[{"name":"wp","href":"https:\/\/api.w.org\/{rel}","templated":true}]}}