{"id":16,"date":"2018-08-27T18:44:31","date_gmt":"2018-08-27T18:44:31","guid":{"rendered":"http:\/\/pkmaja.ee\/?page_id=16"},"modified":"2023-02-21T13:42:53","modified_gmt":"2023-02-21T13:42:53","slug":"kontakt","status":"publish","type":"page","link":"http:\/\/www.pkmaja.ee\/ru\/kontakt\/","title":{"rendered":"\u041a\u043e\u043d\u0442\u0430\u043a\u0442"},"content":{"rendered":"<p>MT\u00dc P\u00f5lvkondade Maja asub P\u00f5hja-Tallinnas, Kari tn. 13, 4.korrusel, ruumis C-403<\/p>\n<p>Registrikood 80314341<\/p>\n<p>Sissep\u00e4\u00e4s peauksest.<\/p>\n<p>Kohtumiseks palume eelnevalt kindlasti helistada v\u00f5i v\u00f5tta \u00fchendust e-posti teel.<\/p>\n<p style=\"text-align: left;\">Juhatuse liige Ave Kalmus&nbsp; &nbsp; &nbsp; &nbsp; &nbsp; &nbsp; Juhatuse liige&nbsp; Tarmo Tamm<\/p>\n<p style=\"text-align: left;\">tel. 53495644&nbsp; &nbsp; &nbsp; &nbsp; &nbsp; &nbsp; &nbsp; &nbsp; &nbsp; &nbsp; &nbsp; &nbsp; &nbsp; &nbsp; &nbsp; &nbsp; &nbsp; &nbsp; tel. 5049221<\/p>\n<p style=\"text-align: left;\">info@pkmaja.ee&nbsp; &nbsp; &nbsp; &nbsp; &nbsp; &nbsp; &nbsp; &nbsp; &nbsp; &nbsp; &nbsp; &nbsp; &nbsp; &nbsp; &nbsp; &nbsp; &nbsp; info@pkmaja.ee<\/p>\n\n\n<p>\u00dclekandeid ja annetusi ootab arveldusarve EE442200221051590843 (Swedbank)<\/p>","protected":false},"excerpt":{"rendered":"<p>MT\u00dc P\u00f5lvkondade Maja asub P\u00f5hja-Tallinnas, Kari tn. 13, 4.korrusel, ruumis C-403 Registrikood 80314341 Sissep\u00e4\u00e4s peauksest. Kohtumiseks palume eelnevalt kindlasti helistada v\u00f5i v\u00f5tta \u00fchendust e-posti teel. Juhatuse liige Ave Kalmus&nbsp; &nbsp; &nbsp; &nbsp; &nbsp; &nbsp; Juhatuse liige&nbsp; Tarmo Tamm tel. 53495644&nbsp; &nbsp; &nbsp; &nbsp; &nbsp; &nbsp; &nbsp; &nbsp; &nbsp; &nbsp; &nbsp; &nbsp; &nbsp; &nbsp; &nbsp; &nbsp; &hellip; <\/p>\n<p class=\"link-more\"><a href=\"http:\/\/www.pkmaja.ee\/ru\/kontakt\/\" class=\"more-link\">\u0427\u0438\u0442\u0430\u0442\u044c \u0434\u0430\u043b\u0435\u0435<span class=\"screen-reader-text\"> \u00abKontakt\u00bb<\/span><\/a><\/p>","protected":false},"author":1,"featured_media":0,"parent":0,"menu_order":0,"comment_status":"closed","ping_status":"closed","template":"sidebar-page.php","meta":{"ngg_post_thumbnail":0,"footnotes":""},"_links":{"self":[{"href":"http:\/\/www.pkmaja.ee\/ru\/wp-json\/wp\/v2\/pages\/16"}],"collection":[{"href":"http:\/\/www.pkmaja.ee\/ru\/wp-json\/wp\/v2\/pages"}],"about":[{"href":"http:\/\/www.pkmaja.ee\/ru\/wp-json\/wp\/v2\/types\/page"}],"author":[{"embeddable":true,"href":"http:\/\/www.pkmaja.ee\/ru\/wp-json\/wp\/v2\/users\/1"}],"replies":[{"embeddable":true,"href":"http:\/\/www.pkmaja.ee\/ru\/wp-json\/wp\/v2\/comments?post=16"}],"version-history":[{"count":5,"href":"http:\/\/www.pkmaja.ee\/ru\/wp-json\/wp\/v2\/pages\/16\/revisions"}],"predecessor-version":[{"id":317,"href":"http:\/\/www.pkmaja.ee\/ru\/wp-json\/wp\/v2\/pages\/16\/revisions\/317"}],"wp:attachment":[{"href":"http:\/\/www.pkmaja.ee\/ru\/wp-json\/wp\/v2\/media?parent=16"}],"curies":[{"name":"wp","href":"https:\/\/api.w.org\/{rel}","templated":true}]}}