{"id":136,"date":"2020-05-31T13:42:57","date_gmt":"2020-05-31T13:42:57","guid":{"rendered":"http:\/\/pkmaja.ee\/?page_id=136"},"modified":"2023-11-19T13:57:14","modified_gmt":"2023-11-19T11:57:14","slug":"rehabilitatsioonikeskus","status":"publish","type":"page","link":"http:\/\/www.pkmaja.ee\/ru\/rehabilitatsioonikeskus\/","title":{"rendered":"\u0421\u043e\u0446\u0438\u0430\u043b\u044c\u043d\u0430\u044f \u0440\u0435\u0430\u0431\u0438\u043b\u0438\u0442\u0430\u0446\u0438\u044f"},"content":{"rendered":"<p>Sotsiaalkindlustusameti video selgitab sotsiaalset rehabilitatsiooni olemust &#8211; <a rel=\"noreferrer noopener\" href=\"https:\/\/www.youtube.com\/watch?v=3EuePn-5wiI\" target=\"_blank\">https:\/\/www.youtube.com\/watch?v=3EuePn-5wiI<\/a><\/p>\n\n\n\n<p><strong>Pakume rehab. teenuseid ja teenuste plaani koostamiseks vajalikku hindamist meie keskuses Tallinnas, Kari tn 13         IV korrusel.<\/strong><\/p>\n\n\n\n<p><strong>\u00dcksikud teenused<\/strong>\u00a0(n\u00e4iteks hipoteraapia, kanisteraapia) toimuvad vastastikusel kokkuleppel <strong>nimetatud teenuste\u00a0osutajatega\u00a0keskustes.<\/strong><\/p>\n\n\n\n<p><strong>Pakume j\u00e4rgmisi teenuseid:<\/strong><\/p>\n\n\n\n<ul><li>sotsiaalse rehabilitatsiooni teenuse vajaduse hindamist, mille alusel koostame kliendile rehabilitatsiooni teenusteks plaani<\/li><li>ps\u00fchholoogi teenust<\/li><li>eripedagoogi teenust<\/li><li>logopeedi teenust<\/li><li>sotsiaalt\u00f6\u00f6taja teenust<\/li><li>tegevusterapeudi teenust<\/li><li>f\u00fcsioterapeudi teenust<\/li><li>loovterapeudi teenust<\/li><\/ul>\n\n\n\n<p>_______________________________________________________________________________<\/p>\n\n\n\n<p><strong>Juhis&nbsp;rehabilitatsiooniteenustele&nbsp;saamiseks:<\/strong><br>\u2022 Esmalt tuleb Teil esitada Sotsiaalkindlusametile rehabilitatsiooniteenuse saamiseks taotlus.<\/p>\n\n\n\n<p>Seda v\u00f5ib teha nii digitaalselt allkirjastatult (saates taotlus e-posti aadressil &nbsp;info@sotsiaalkindlustusamet.ee), paberil allkirjastatuna (saates posti teel aadressil Paldiski mnt 80, 15092 Tallinn), Sotsiaalkindlustusameti klienditeeninduses kohapeal v\u00f5i riigiportaalis&nbsp;<a href=\"https:\/\/www.eesti.ee\" target=\"_blank\" rel=\"noreferrer noopener\">https:\/\/www.eesti.ee<\/a>.<\/p>\n\n\n\n<p>\u2022&nbsp;<strong>Seej\u00e4rel&nbsp;v\u00e4ljastab&nbsp;Sotsiaalkindlustusamet&nbsp;Teile&nbsp;suunamisotsuse<\/strong>.<\/p>\n\n\n\n<p>\u2022 <strong>Seej\u00e4rel saate &nbsp;p\u00f6\u00f6rduda rehabilitatsiooniteenuse osutaja MT\u00dc P\u00f5lvkondade Maja poole teenuste saamiseks.<\/strong><\/p>\n\n\n\n<p><strong>Vaata lisaks Sotsiaalkindlustusameti kodulehelt:&nbsp;<\/strong><a href=\"https:\/\/www.sotsiaalkindlustusamet.ee\/et\/puue-ja-hoolekanne\/sotsiaalne-rehabilitatsioon#Sotsiaalne%20rehabilitatsioon\" target=\"_blank\" rel=\"noreferrer noopener\">https:\/\/www.sotsiaalkindlustusamet.ee\/et\/puue-ja-hoolekanne\/sotsiaalne-rehabilitatsioon#Sotsiaalne%20rehabilitatsioon<\/a><\/p>\n\n\n\n<p>_________________________________________________________________________________<\/p>\n\n\n\n<p class=\"has-vivid-red-color has-text-color\"><strong>T\u00c4HELEPANU!<\/strong><\/p>\n\n\n\n<p class=\"has-black-color has-text-color\">Juhul, kui lapse rehabilitatsiooniteenustele suunamise otsus on l\u00f5ppenud, on v\u00f5imalus seda Sotsialkindlustusametist taotleda. Kui rehabilitatsiooniplaan on l\u00f5ppenud, siis hindamiste ja uute rehab. plaanide koostamise osas on meil hetkel kuni 2 kuu pikkune j\u00e4rjekord. Kui see Teile sobib, siis s\u00f5lmime kehtiva suunamisotsuse alusel lepingu ja teavitame Teid edasistest sammudest.<br><strong>Palun v\u00f5tke meiega \u00fchendust meiliaadressil:&nbsp;<a href=\"mailto:info@pkmaja.ee\" target=\"_blank\" rel=\"noreferrer noopener\">info@pkmaja.ee<\/a> ja registreerige oma laps teenustele.<\/strong><\/p>","protected":false},"excerpt":{"rendered":"<p>Sotsiaalkindlustusameti video selgitab sotsiaalset rehabilitatsiooni olemust &#8211; https:\/\/www.youtube.com\/watch?v=3EuePn-5wiI Pakume rehab. teenuseid ja teenuste plaani koostamiseks vajalikku hindamist meie keskuses Tallinnas, Kari tn 13 IV korrusel. \u00dcksikud teenused\u00a0(n\u00e4iteks hipoteraapia, kanisteraapia) toimuvad vastastikusel kokkuleppel nimetatud teenuste\u00a0osutajatega\u00a0keskustes. Pakume j\u00e4rgmisi teenuseid: sotsiaalse rehabilitatsiooni teenuse vajaduse hindamist, mille alusel koostame kliendile rehabilitatsiooni teenusteks plaani ps\u00fchholoogi teenust eripedagoogi teenust logopeedi teenust &hellip; <\/p>\n<p class=\"link-more\"><a href=\"http:\/\/www.pkmaja.ee\/ru\/rehabilitatsioonikeskus\/\" class=\"more-link\">\u0427\u0438\u0442\u0430\u0442\u044c \u0434\u0430\u043b\u0435\u0435<span class=\"screen-reader-text\"> \u00abSotsiaalne rehabilitatsioon\u00bb<\/span><\/a><\/p>","protected":false},"author":1,"featured_media":0,"parent":0,"menu_order":0,"comment_status":"closed","ping_status":"closed","template":"","meta":{"ngg_post_thumbnail":0,"footnotes":""},"_links":{"self":[{"href":"http:\/\/www.pkmaja.ee\/ru\/wp-json\/wp\/v2\/pages\/136"}],"collection":[{"href":"http:\/\/www.pkmaja.ee\/ru\/wp-json\/wp\/v2\/pages"}],"about":[{"href":"http:\/\/www.pkmaja.ee\/ru\/wp-json\/wp\/v2\/types\/page"}],"author":[{"embeddable":true,"href":"http:\/\/www.pkmaja.ee\/ru\/wp-json\/wp\/v2\/users\/1"}],"replies":[{"embeddable":true,"href":"http:\/\/www.pkmaja.ee\/ru\/wp-json\/wp\/v2\/comments?post=136"}],"version-history":[{"count":5,"href":"http:\/\/www.pkmaja.ee\/ru\/wp-json\/wp\/v2\/pages\/136\/revisions"}],"predecessor-version":[{"id":350,"href":"http:\/\/www.pkmaja.ee\/ru\/wp-json\/wp\/v2\/pages\/136\/revisions\/350"}],"wp:attachment":[{"href":"http:\/\/www.pkmaja.ee\/ru\/wp-json\/wp\/v2\/media?parent=136"}],"curies":[{"name":"wp","href":"https:\/\/api.w.org\/{rel}","templated":true}]}}